{"id":148,"date":"2023-01-17T22:26:21","date_gmt":"2023-01-17T21:26:21","guid":{"rendered":"http:\/\/www.vogtlandwandern.de\/neu2017\/?page_id=148"},"modified":"2025-04-29T14:18:04","modified_gmt":"2025-04-29T12:18:04","slug":"dww2020","status":"publish","type":"page","link":"https:\/\/www.vogtlandwandern.de\/neu2017\/dww2020\/","title":{"rendered":"Verbandsaktionen"},"content":{"rendered":"<p>[et_pb_section fb_built=&#8220;1&#8243; admin_label=&#8220;section&#8220; _builder_version=&#8220;4.16&#8243; global_colors_info=&#8220;{}&#8220;][et_pb_row admin_label=&#8220;Zeile&#8220; _builder_version=&#8220;4.19.4&#8243; background_size=&#8220;initial&#8220; background_position=&#8220;top_left&#8220; background_repeat=&#8220;repeat&#8220; global_colors_info=&#8220;{}&#8220;][et_pb_column type=&#8220;4_4&#8243; _builder_version=&#8220;4.16&#8243; custom_padding=&#8220;|||&#8220; global_colors_info=&#8220;{}&#8220; custom_padding__hover=&#8220;|||&#8220;][et_pb_blurb title=&#8220;Unsere aktuellen Verbandsaktivit\u00e4ten&#8220; _builder_version=&#8220;4.19.4&#8243; _module_preset=&#8220;default&#8220; header_text_color=&#8220;#0c29cc&#8220; global_colors_info=&#8220;{}&#8220;][\/et_pb_blurb][et_pb_accordion _builder_version=&#8220;4.19.4&#8243; _module_preset=&#8220;default&#8220; global_colors_info=&#8220;{}&#8220;][et_pb_accordion_item title=&#8220;20 plus 15 gleich 1 \u2026&#8220; open=&#8220;on&#8220; _builder_version=&#8220;4.19.4&#8243; _module_preset=&#8220;default&#8220; global_colors_info=&#8220;{}&#8220;]<\/p>\n<p>Was? Ja, liebe Wandersportfreunde, so k\u00f6nnen wir den Start ins Wanderjahr vom Vogtl\u00e4ndischen Wanderverband betiteln. Am 01. Mai startet das Jubil\u00e4umsjahr anl\u00e4sslich der zertifizierten Qualit\u00e4tswege zu 20 Jahre Vogtland-Panorama Weg und 15 Jahre KAMM-Weg Erzgebirge-Vogtland mit einem Wandertag. Viele weitere Wanderaktionen entlang dieser reizvollen Wanderwege wird es durch das Vogtland geben, die im Vogtl\u00e4ndischen Wanderkalender schon gelistet sind bzw. immer unter www.vogtlandwandern.de aktualisiert werden. Den Abschluss des Jubil\u00e4umsjahres wird das Wanderfest, an der Elstertalbr\u00fccke, am Pfingstsamstag, 23.05.2026 bilden. Hier wird die Wanderstrecke des Vogtland-Panorama Weges \u00fcber die Elstertalbr\u00fccke wieder offiziell eingeweiht. Also, ein Termin zum Vormerken f\u00fcr den Wanderkalender im n\u00e4chsten Jahr.<\/p>\n<p>Doch starten wir mit 2025. Der Vogtl\u00e4ndische Wanderverband hat drei abwechslungsreiche Touren vorbereitet. Dort wo sich die beiden Qualit\u00e4tswege kreuzen wird die Verpflegungsstelle sein \u2013 mit beeindruckendem Blick ins obere Vogtland. \u201eAuf, auf ihr Wandersleut`\u2026\u201c so die Pr\u00e4sidentin des Vogtl\u00e4ndischen Wanderverbandes. Nach dem Hexenfeuer starten die Touren erst 9:30 Uhr am 01. Mai. Am Vereinsheim \u201eKonsum Freiberg\u201c, im Ortsteil von Adorf (Vogtl.), ist Start und die Wanderleiter f\u00fchren \u00fcber 8km, 10km und 14 km Streckenl\u00e4ngen. Den Abschluss finden alle 3 Touren wieder am \u201eKonsum\u201c und der Dorf- und Heimatverein Freiberg freut sich, zahlreiche Wanderg\u00e4ste mit Speis und Trank bewirten zu k\u00f6nnen.<\/p>\n<p>\u00dcbrigens z\u00e4hlen alle Touren f\u00fcr das Deutsche Wanderabzeichen und damit zum Bonussystem der Krankenkassen!<\/p>\n<p>[\/et_pb_accordion_item][\/et_pb_accordion][\/et_pb_column][\/et_pb_row][\/et_pb_section]<\/p>\n","protected":false},"excerpt":{"rendered":"<p>Was? Ja, liebe Wandersportfreunde, so k\u00f6nnen wir den Start ins Wanderjahr vom Vogtl\u00e4ndischen Wanderverband betiteln. Am 01. Mai startet das Jubil\u00e4umsjahr anl\u00e4sslich der zertifizierten Qualit\u00e4tswege zu 20 Jahre Vogtland-Panorama Weg und 15 Jahre KAMM-Weg Erzgebirge-Vogtland mit einem Wandertag. Viele weitere Wanderaktionen entlang dieser reizvollen Wanderwege wird es durch das Vogtland geben, die im Vogtl\u00e4ndischen Wanderkalender [&hellip;]<\/p>\n","protected":false},"author":1,"featured_media":0,"parent":0,"menu_order":0,"comment_status":"closed","ping_status":"closed","template":"","meta":{"_et_pb_use_builder":"on","_et_pb_old_content":"","_et_gb_content_width":""},"_links":{"self":[{"href":"https:\/\/www.vogtlandwandern.de\/neu2017\/wp-json\/wp\/v2\/pages\/148"}],"collection":[{"href":"https:\/\/www.vogtlandwandern.de\/neu2017\/wp-json\/wp\/v2\/pages"}],"about":[{"href":"https:\/\/www.vogtlandwandern.de\/neu2017\/wp-json\/wp\/v2\/types\/page"}],"author":[{"embeddable":true,"href":"https:\/\/www.vogtlandwandern.de\/neu2017\/wp-json\/wp\/v2\/users\/1"}],"replies":[{"embeddable":true,"href":"https:\/\/www.vogtlandwandern.de\/neu2017\/wp-json\/wp\/v2\/comments?post=148"}],"version-history":[{"count":103,"href":"https:\/\/www.vogtlandwandern.de\/neu2017\/wp-json\/wp\/v2\/pages\/148\/revisions"}],"predecessor-version":[{"id":3407,"href":"https:\/\/www.vogtlandwandern.de\/neu2017\/wp-json\/wp\/v2\/pages\/148\/revisions\/3407"}],"wp:attachment":[{"href":"https:\/\/www.vogtlandwandern.de\/neu2017\/wp-json\/wp\/v2\/media?parent=148"}],"curies":[{"name":"wp","href":"https:\/\/api.w.org\/{rel}","templated":true}]}}